{"id":2,"date":"2022-03-13T22:08:12","date_gmt":"2022-03-13T21:08:12","guid":{"rendered":"http:\/\/td8.pl\/?page_id=2"},"modified":"2022-03-15T12:27:41","modified_gmt":"2022-03-15T11:27:41","slug":"home","status":"publish","type":"page","link":"http:\/\/td8.pl\/?lang=pl","title":{"rendered":"Home"},"content":{"rendered":"<p>[vc_row heading_color=&#8221;light&#8221; section_full_height=&#8221;fullheight&#8221; bg_type=&#8221;hosted_video&#8221; bg_image=&#8221;8&#8243; bg_video_mp4=&#8221;http:\/\/td8.pl\/wp-content\/uploads\/2022\/03\/infinity03.mp4&#8243; font_color=&#8221;#ffffff&#8221; section_id=&#8221;home&#8221;][vc_column]<h3 class=\"eut-element eut-typed-text eut-align-left eut-h3\" style=\"\">    <span class=\"eut-typed-text-prefix\"> <\/span>    <span class=\"eut-animated-text eut-text-white\">    \t<span id=\"eut-typed-item-69e22cf533779\"><\/span>    <\/span>    <span class=\"eut-typed-text-suffix\"> <\/span><script type=\"text\/javascript\">\r\n\t\t\t\tjQuery(function($){ $(\"#eut-typed-item-69e22cf533779\").appear(function() {\r\n\t\t\t\t\t$(\"#eut-typed-item-69e22cf533779\").typed({\r\n\t\t\t\t\t\tstrings: [\"NIESKO\u0143CZONO\u015a\u0106\"],\r\n\t\t\t\t\t\ttypeSpeed: 50,\r\n\t\t\t\t\t\tbackSpeed: 80,\r\n\t\t\t\t\t\tstartDelay: 0,\r\n\t\t\t\t\t\tbackDelay: 500000000,\r\n\t\t\t\t\t\tloop: true,\r\n\t\t\t\t\t\tloopCount: false,\r\n\t\t\t\t\t\tshowCursor: false,\r\n\t\t\t\t\t\tcursorChar: \"|\",\r\n\t\t\t\t\t\tcontentType: null,\r\n\t\t\t\t\t\tattr: null\r\n\t\t\t\t\t});\r\n\t\t\t\t});\r\n\t\t\t});\r\n\t\t<\/script><\/h3>[vc_column_text text_style=&#8221;subtitle&#8221; animation=&#8221;eut-fade-in-up&#8221; animation_delay=&#8221;1000&#8243;]Nasz ulubiony horyzont inwestycyjny.[\/vc_column_text][vc_column_text animation=&#8221;eut-fade-in-up&#8221; animation_delay=&#8221;1200&#8243;]Warren Buffet[\/vc_column_text][\/vc_column][\/vc_row][vc_row padding_top_multiplier=&#8221;3x&#8221; padding_bottom_multiplier=&#8221;3x&#8221; section_id=&#8221;oferta&#8221;][vc_column width=&#8221;1\/4&#8243;][vc_column_text text_style=&#8221;subtitle&#8221; el_class=&#8221;title&#8221;]<strong>Inwestycje w niepubliczne sp\u00f3\u0142ki kapita\u0142owe<\/strong>[\/vc_column_text]<div class=\"eut-empty-space eut-height-1x\" style=\"\"><\/div>[vc_column_text]Skupiamy si\u0119 na inwestowaniu w akcje i udzia\u0142y sp\u00f3\u0142ek niepublicznych znajduj\u0105cych si\u0119 na wzrostowym etapie rozwoju, posiadaj\u0105cych skoncentrowan\u0105 struktur\u0119 w\u0142a\u015bcicielsk\u0105 i posiadaj\u0105cych ograniczenia w pozyskiwaniu kapita\u0142u d\u0142u\u017cnego b\u0105d\u017a ograniczenia w sfinansowaniu znacznego kontaktu. Bardzo cz\u0119sto s\u0105 to rodzinne sp\u00f3\u0142ki kapita\u0142owe, przekszta\u0142cone ze sp\u00f3\u0142ek osobowych b\u0105d\u017a dzia\u0142alno\u015bci gospodarczych. Nie inwestujemy w sp\u00f3\u0142ki na wczesnym etapie rozwoju.[\/vc_column_text]<div class=\"eut-empty-space eut-height-1x\" style=\"\"><\/div>[\/vc_column][vc_column width=&#8221;1\/4&#8243;][vc_column_text text_style=&#8221;subtitle&#8221; el_class=&#8221;title&#8221;]<strong>Po\u017cyczki hipoteczne<\/strong>[\/vc_column_text]<div class=\"eut-empty-space eut-height-1x\" style=\"\"><\/div>[vc_column_text]Udzielamy po\u017cyczek do wysoko\u015bci 60 % warto\u015bci rynkowej nieruchomo\u015bci \u2013 zar\u00f3wno komercyjnych jak i mieszkaniowych, jako finansowanie d\u0142ugoterminowe dowolnego celu. Proponujemy bardzo konkurencyjne warunki odsetkowe i prowizyjne na polskim rynku po\u017cyczek prywatnych.<\/p>\n<p>Zar\u00f3wno umowy po\u017cyczek, regulaminy wewn\u0119trzne dzia\u0142ania po\u017cyczkodawcy oraz ustanawianie zabezpiecze\u0144 spe\u0142niaj\u0105 najwy\u017csze standardy prawne. Nie stosujemy innych rodzaj\u00f3w zabezpiecze\u0144 zwrotu po\u017cyczki poza ustanowieniem hipoteki.<\/p>\n<p>Dokonujemy weryfikacji klienta pod k\u0105tem jego zdolno\u015bci do zwrotu kwoty po\u017cyczki oraz koszt\u00f3w.[\/vc_column_text]<div class=\"eut-empty-space eut-height-1x\" style=\"\"><\/div>[\/vc_column][vc_column width=&#8221;1\/4&#8243;][vc_column_text text_style=&#8221;subtitle&#8221; el_class=&#8221;title&#8221;]<strong>Restrukturyzacja, upad\u0142o\u015b\u0107, odd\u0142u\u017canie<\/strong>[\/vc_column_text]<div class=\"eut-empty-space eut-height-1x\" style=\"\"><\/div>[vc_column_text]Utrata wyp\u0142acalno\u015bci tak przez przedsi\u0119biorc\u00f3w jak i osoby prywatne posiadaj\u0105ce warto\u015bciowe sk\u0142adniki maj\u0105tkowe, w szczeg\u00f3lno\u015bci nieruchomo\u015bci, generuje interesuj\u0105ce mo\u017cliwo\u015bci inwestycyjne i stanowi uzupe\u0142nienie naszego portfela inwestycyjnego.<\/p>\n<p>Udzia\u0142 w restrukturyzacji przedsi\u0119biorstw w r\u00f3\u017cnych formach, nabywanie sk\u0142adnik\u00f3w maj\u0105tkowych w ramach likwidacji upad\u0142o\u015bciowej b\u0105d\u017a egzekucji s\u0105dowej, a tak\u017ce odd\u0142u\u017canie os\u00f3b fizycznych pozwala na realizacj\u0119 zysk\u00f3w zwi\u0105zanych z czasow\u0105 przecen\u0105 sk\u0142adnik\u00f3w maj\u0105tkowych.[\/vc_column_text]<div class=\"eut-empty-space eut-height-1x\" style=\"\"><\/div>[\/vc_column][vc_column width=&#8221;1\/4&#8243;][vc_column_text text_style=&#8221;subtitle&#8221; el_class=&#8221;title&#8221;]<strong>Inwestycje w nieruchomo\u015bci komercyjne i mieszkaniowe<\/strong>[\/vc_column_text]<div class=\"eut-empty-space eut-height-1x\" style=\"\"><\/div>[vc_column_text]Za po\u015brednictwem wyspecjalizowanych podmiot\u00f3w zewn\u0119trznych finansujemy inwestycje deweloperskie, wspomagamy w\u0142a\u015bcicieli nieruchomo\u015bci gruntowych w podnoszeniu ich warto\u015bci przez w\u0142a\u015bciwe przeprowadzenie proces\u00f3w planistycznych (Land Planning), zarz\u0105dzamy projektami deweloperskimi.[\/vc_column_text]<div class=\"eut-empty-space eut-height-1x\" style=\"\"><\/div>[\/vc_column][\/vc_row][vc_row padding_top_multiplier=&#8221;4x&#8221; padding_bottom_multiplier=&#8221;4x&#8221; equal_column_height=&#8221;middle-content&#8221; section_id=&#8221;inwestor&#8221;][vc_column width=&#8221;1\/2&#8243; text_align=&#8221;center&#8221;][vc_column_text text_style=&#8221;subtitle&#8221;]<strong>Dla inwestora<\/strong>[\/vc_column_text]<div class=\"eut-empty-space eut-height-1x\" style=\"\"><\/div><div class=\"eut-element eut-image eut-align-center\" style=\"\">  <div class=\"eut-image-wrapper\"><img loading=\"lazy\" decoding=\"async\" width=\"205\" height=\"160\" src=\"http:\/\/td8.pl\/wp-content\/uploads\/2022\/03\/td8-shape.svg\" class=\"attachment-full size-full\" alt=\"\" \/>   <\/div><\/div>[\/vc_column][vc_column width=&#8221;1\/2&#8243;][vc_column_text]Obligacje emitowane przez TD8 S.A. s\u0105 rejestrowane w Krajowym Rejestrze Papier\u00f3w Warto\u015bciowych i otrzymuj\u0105 numer Instrnational Securities Identifying Number (ISIN).[\/vc_column_text][\/vc_column][\/vc_row][vc_row section_id=&#8221;kontakt&#8221;][vc_column][\/vc_column][\/vc_row]<\/p>\n","protected":false},"excerpt":{"rendered":"<p>[vc_row heading_color=&#8221;light&#8221; section_full_height=&#8221;fullheight&#8221; bg_type=&#8221;hosted_video&#8221; bg_image=&#8221;8&#8243; bg_video_mp4=&#8221;http:\/\/td8.pl\/wp-content\/uploads\/2022\/03\/infinity03.mp4&#8243; font_color=&#8221;#ffffff&#8221; section_id=&#8221;home&#8221;][vc_column][vc_column_text text_style=&#8221;subtitle&#8221; animation=&#8221;eut-fade-in-up&#8221; animation_delay=&#8221;1000&#8243;]Nasz ulubiony horyzont inwestycyjny.[\/vc_column_text][vc_column_text animation=&#8221;eut-fade-in-up&#8221; animation_delay=&#8221;1200&#8243;]Warren Buffet[\/vc_column_text][\/vc_column][\/vc_row][vc_row padding_top_multiplier=&#8221;3x&#8221; padding_bottom_multiplier=&#8221;3x&#8221; section_id=&#8221;oferta&#8221;][vc_column width=&#8221;1\/4&#8243;][vc_column_text text_style=&#8221;subtitle&#8221; el_class=&#8221;title&#8221;]Inwestycje w niepubliczne sp\u00f3\u0142ki kapita\u0142owe[\/vc_column_text][vc_column_text]Skupiamy si\u0119 na inwestowaniu w akcje i udzia\u0142y sp\u00f3\u0142ek niepublicznych znajduj\u0105cych si\u0119 na wzrostowym etapie rozwoju, posiadaj\u0105cych skoncentrowan\u0105 struktur\u0119 w\u0142a\u015bcicielsk\u0105 i posiadaj\u0105cych ograniczenia w pozyskiwaniu kapita\u0142u d\u0142u\u017cnego b\u0105d\u017a ograniczenia [&hellip;]<\/p>\n","protected":false},"author":1,"featured_media":16,"parent":0,"menu_order":0,"comment_status":"closed","ping_status":"closed","template":"","meta":{"inline_featured_image":false,"footnotes":""},"class_list":["post-2","page","type-page","status-publish","has-post-thumbnail","hentry"],"_links":{"self":[{"href":"http:\/\/td8.pl\/index.php?rest_route=\/wp\/v2\/pages\/2","targetHints":{"allow":["GET"]}}],"collection":[{"href":"http:\/\/td8.pl\/index.php?rest_route=\/wp\/v2\/pages"}],"about":[{"href":"http:\/\/td8.pl\/index.php?rest_route=\/wp\/v2\/types\/page"}],"author":[{"embeddable":true,"href":"http:\/\/td8.pl\/index.php?rest_route=\/wp\/v2\/users\/1"}],"replies":[{"embeddable":true,"href":"http:\/\/td8.pl\/index.php?rest_route=%2Fwp%2Fv2%2Fcomments&post=2"}],"version-history":[{"count":14,"href":"http:\/\/td8.pl\/index.php?rest_route=\/wp\/v2\/pages\/2\/revisions"}],"predecessor-version":[{"id":42,"href":"http:\/\/td8.pl\/index.php?rest_route=\/wp\/v2\/pages\/2\/revisions\/42"}],"wp:featuredmedia":[{"embeddable":true,"href":"http:\/\/td8.pl\/index.php?rest_route=\/wp\/v2\/media\/16"}],"wp:attachment":[{"href":"http:\/\/td8.pl\/index.php?rest_route=%2Fwp%2Fv2%2Fmedia&parent=2"}],"curies":[{"name":"wp","href":"https:\/\/api.w.org\/{rel}","templated":true}]}}