{"id":48,"date":"2022-03-15T10:59:16","date_gmt":"2022-03-15T09:59:16","guid":{"rendered":"http:\/\/td8.pl\/?page_id=48"},"modified":"2022-03-15T12:28:31","modified_gmt":"2022-03-15T11:28:31","slug":"home-deutsch","status":"publish","type":"page","link":"http:\/\/td8.pl\/?lang=de","title":{"rendered":"Home &#8211; Deutsch"},"content":{"rendered":"<p>[vc_row heading_color=&#8221;light&#8221; section_full_height=&#8221;fullheight&#8221; bg_type=&#8221;hosted_video&#8221; bg_image=&#8221;8&#8243; bg_video_mp4=&#8221;http:\/\/td8.pl\/wp-content\/uploads\/2022\/03\/infinity03.mp4&#8243; font_color=&#8221;#ffffff&#8221; section_id=&#8221;home&#8221;][vc_column]<h3 class=\"eut-element eut-typed-text eut-align-left eut-h3\" style=\"\">    <span class=\"eut-typed-text-prefix\"> <\/span>    <span class=\"eut-animated-text eut-text-white\">    \t<span id=\"eut-typed-item-69e22bdb9e701\"><\/span>    <\/span>    <span class=\"eut-typed-text-suffix\"> <\/span><script type=\"text\/javascript\">\r\n\t\t\t\tjQuery(function($){ $(\"#eut-typed-item-69e22bdb9e701\").appear(function() {\r\n\t\t\t\t\t$(\"#eut-typed-item-69e22bdb9e701\").typed({\r\n\t\t\t\t\t\tstrings: [\"UNENDLICHKEIT\"],\r\n\t\t\t\t\t\ttypeSpeed: 50,\r\n\t\t\t\t\t\tbackSpeed: 80,\r\n\t\t\t\t\t\tstartDelay: 0,\r\n\t\t\t\t\t\tbackDelay: 500000000,\r\n\t\t\t\t\t\tloop: true,\r\n\t\t\t\t\t\tloopCount: false,\r\n\t\t\t\t\t\tshowCursor: false,\r\n\t\t\t\t\t\tcursorChar: \"|\",\r\n\t\t\t\t\t\tcontentType: null,\r\n\t\t\t\t\t\tattr: null\r\n\t\t\t\t\t});\r\n\t\t\t\t});\r\n\t\t\t});\r\n\t\t<\/script><\/h3>[vc_column_text text_style=&#8221;subtitle&#8221; animation=&#8221;eut-fade-in-up&#8221; animation_delay=&#8221;1000&#8243;]Unser Lieblings-Investitionshorizont.[\/vc_column_text][vc_column_text animation=&#8221;eut-fade-in-up&#8221; animation_delay=&#8221;1200&#8243;]Warren Buffet[\/vc_column_text][\/vc_column][\/vc_row][vc_row padding_top_multiplier=&#8221;3x&#8221; padding_bottom_multiplier=&#8221;3x&#8221; section_id=&#8221;oferta&#8221;][vc_column width=&#8221;1\/4&#8243;][vc_column_text text_style=&#8221;subtitle&#8221; el_class=&#8221;title&#8221;]<strong>Investitionen in private Kapitalbeteiligungsgesellschaften<\/strong>[\/vc_column_text]<div class=\"eut-empty-space eut-height-1x\" style=\"\"><\/div>[vc_column_text]Wir konzentrieren uns auf Investieren in Aktien und Anteile von privaten Gesellschaften, die sich in der Wachstumsphase der Entwicklung befinden, eine konzentrierte Eigentumsstruktur haben und Einschr\u00e4nkungen bei der Beschaffung von Fremdkapital bzw. Einschr\u00e4nkungen bei der Finanzierung eines Gro\u00dfauftrags haben. Sehr oft sind es Familien-Kapitalunternehmen, aus Personengesellschaften oder selbst\u00e4ndiger Gesch\u00e4ftst\u00e4tigkeit umgewandelt. Wir investieren nicht in Unternehmen, die in einem fr\u00fchen Entwicklungsstadium sind.[\/vc_column_text]<div class=\"eut-empty-space eut-height-1x\" style=\"\"><\/div>[\/vc_column][vc_column width=&#8221;1\/4&#8243;][vc_column_text text_style=&#8221;subtitle&#8221; el_class=&#8221;title&#8221;]<strong>Hypothekenkredite<\/strong>[\/vc_column_text]<div class=\"eut-empty-space eut-height-1x\" style=\"\"><\/div>[vc_column_text]Wir gew\u00e4hren Hypothekenkredite bis zu 60 % des Marktwertes der Immobilie \u2013 sowohl Gesch\u00e4fts-, als auch Wohnungsbaukredite, als eine langfristige Finanzierung f\u00fcr beliebigen Zweck. Wir bieten sehr wettbewerbsf\u00e4hige Zins- und Provisionsbedingungen auf dem polnischen Markt von Privatdarlehen an.<\/p>\n<p>Sowohl Darlehensvertr\u00e4ge, interne Gesch\u00e4ftsordnungen des Kreditgebers, als auch die Einrichtung von Sicherheitsleistungen erf\u00fcllen die h\u00f6chsten Rechtsstandards. Wir verwenden keine anderen Arten von Sicherheiten f\u00fcr die R\u00fcckzahlung des Darlehens als die Bestellung einer Hypothek.<\/p>\n<p>Wir \u00fcberpr\u00fcfen den Kunden hinsichtlich seiner F\u00e4higkeit zur R\u00fcckzahlung des Darlehensbetrags und der Kosten.[\/vc_column_text]<div class=\"eut-empty-space eut-height-1x\" style=\"\"><\/div>[\/vc_column][vc_column width=&#8221;1\/4&#8243;][vc_column_text text_style=&#8221;subtitle&#8221; el_class=&#8221;title&#8221;]<strong>Umstrukturierung, Insolvenz, Schuldenabbau<\/strong>[\/vc_column_text]<div class=\"eut-empty-space eut-height-1x\" style=\"\"><\/div>[vc_column_text]Die Zahlungsunf\u00e4higkeit, sowohl von Unternehmern, als auch von Privatpersonen, die im Besitz von wertvollen Verm\u00f6genswerten, insbesondere von Immobilien sind, generiert interessante Investitionsm\u00f6glichkeiten und stellt eine Erg\u00e4nzung unseres Investitionsportfolios dar.<\/p>\n<p>Die Beteiligung an der Umstrukturierung von Unternehmen in verschiedenen Formen, der Erwerb von Verm\u00f6gensteilen im Rahmen der Insolvenzverwaltung oder der richterlichen Vollstreckung, wie auch der Schuldenabbau von nat\u00fcrlichen Personen erm\u00f6glicht es, Gewinne im Zusammenhang mit der vor\u00fcbergehenden Neubewertung von Verm\u00f6genswerten zu erzielen.[\/vc_column_text]<div class=\"eut-empty-space eut-height-1x\" style=\"\"><\/div>[\/vc_column][vc_column width=&#8221;1\/4&#8243;][vc_column_text text_style=&#8221;subtitle&#8221; el_class=&#8221;title&#8221;]<strong>Investitionen in Gewerbe- und Wohnimmobilien<\/strong>[\/vc_column_text]<div class=\"eut-empty-space eut-height-1x\" style=\"\"><\/div>[vc_column_text]\u00dcber spezialisierte externe Unternehmen finanzieren wir Bautr\u00e4ger-Investitionen, wir unterst\u00fctzen Eigent\u00fcmer von Grundst\u00fccken bei der Erh\u00f6hung ihres Wertes durch ordnungsgem\u00e4\u00dfe Durchf\u00fchrung von Planungsprozessen (Land Planning), wir verwalten Bauunternehmer-Projekte.[\/vc_column_text]<div class=\"eut-empty-space eut-height-1x\" style=\"\"><\/div>[\/vc_column][\/vc_row][vc_row padding_top_multiplier=&#8221;4x&#8221; padding_bottom_multiplier=&#8221;4x&#8221; equal_column_height=&#8221;middle-content&#8221; section_id=&#8221;inwestor&#8221;][vc_column width=&#8221;1\/2&#8243; text_align=&#8221;center&#8221;][vc_column_text text_style=&#8221;subtitle&#8221;]<strong>F\u00fcr den Investor<\/strong>[\/vc_column_text]<div class=\"eut-empty-space eut-height-1x\" style=\"\"><\/div><div class=\"eut-element eut-image eut-align-center\" style=\"\">  <div class=\"eut-image-wrapper\"><img loading=\"lazy\" decoding=\"async\" width=\"205\" height=\"160\" src=\"http:\/\/td8.pl\/wp-content\/uploads\/2022\/03\/td8-shape.svg\" class=\"attachment-full size-full\" alt=\"\" \/>   <\/div><\/div>[\/vc_column][vc_column width=&#8221;1\/2&#8243;][vc_column_text]Die von TD8 S.A. ausgegebenen Obligationen werden im Landesregister f\u00fcr Wertpapiere registriert und erhalten die internationale Wertpapierkennnummer &#8211; International Securities Identifying Number (ISIN).[\/vc_column_text][\/vc_column][\/vc_row][vc_row section_id=&#8221;kontakt&#8221;][vc_column][\/vc_column][\/vc_row]<\/p>\n","protected":false},"excerpt":{"rendered":"<p>[vc_row heading_color=&#8221;light&#8221; section_full_height=&#8221;fullheight&#8221; bg_type=&#8221;hosted_video&#8221; bg_image=&#8221;8&#8243; bg_video_mp4=&#8221;http:\/\/td8.pl\/wp-content\/uploads\/2022\/03\/infinity03.mp4&#8243; font_color=&#8221;#ffffff&#8221; section_id=&#8221;home&#8221;][vc_column][vc_column_text text_style=&#8221;subtitle&#8221; animation=&#8221;eut-fade-in-up&#8221; animation_delay=&#8221;1000&#8243;]Unser Lieblings-Investitionshorizont.[\/vc_column_text][vc_column_text animation=&#8221;eut-fade-in-up&#8221; animation_delay=&#8221;1200&#8243;]Warren Buffet[\/vc_column_text][\/vc_column][\/vc_row][vc_row padding_top_multiplier=&#8221;3x&#8221; padding_bottom_multiplier=&#8221;3x&#8221; section_id=&#8221;oferta&#8221;][vc_column width=&#8221;1\/4&#8243;][vc_column_text text_style=&#8221;subtitle&#8221; el_class=&#8221;title&#8221;]Investitionen in private Kapitalbeteiligungsgesellschaften[\/vc_column_text][vc_column_text]Wir konzentrieren uns auf Investieren in Aktien und Anteile von privaten Gesellschaften, die sich in der Wachstumsphase der Entwicklung befinden, eine konzentrierte Eigentumsstruktur haben und Einschr\u00e4nkungen bei der Beschaffung von Fremdkapital bzw. [&hellip;]<\/p>\n","protected":false},"author":1,"featured_media":75,"parent":0,"menu_order":0,"comment_status":"closed","ping_status":"closed","template":"","meta":{"inline_featured_image":false,"footnotes":""},"class_list":["post-48","page","type-page","status-publish","has-post-thumbnail","hentry"],"_links":{"self":[{"href":"http:\/\/td8.pl\/index.php?rest_route=\/wp\/v2\/pages\/48","targetHints":{"allow":["GET"]}}],"collection":[{"href":"http:\/\/td8.pl\/index.php?rest_route=\/wp\/v2\/pages"}],"about":[{"href":"http:\/\/td8.pl\/index.php?rest_route=\/wp\/v2\/types\/page"}],"author":[{"embeddable":true,"href":"http:\/\/td8.pl\/index.php?rest_route=\/wp\/v2\/users\/1"}],"replies":[{"embeddable":true,"href":"http:\/\/td8.pl\/index.php?rest_route=%2Fwp%2Fv2%2Fcomments&post=48"}],"version-history":[{"count":3,"href":"http:\/\/td8.pl\/index.php?rest_route=\/wp\/v2\/pages\/48\/revisions"}],"predecessor-version":[{"id":57,"href":"http:\/\/td8.pl\/index.php?rest_route=\/wp\/v2\/pages\/48\/revisions\/57"}],"wp:featuredmedia":[{"embeddable":true,"href":"http:\/\/td8.pl\/index.php?rest_route=\/wp\/v2\/media\/75"}],"wp:attachment":[{"href":"http:\/\/td8.pl\/index.php?rest_route=%2Fwp%2Fv2%2Fmedia&parent=48"}],"curies":[{"name":"wp","href":"https:\/\/api.w.org\/{rel}","templated":true}]}}